{"id":666,"date":"2023-09-29T15:23:59","date_gmt":"2023-09-29T13:23:59","guid":{"rendered":"http:\/\/anggytasetyorini.fr\/?page_id=666"},"modified":"2023-09-29T15:33:46","modified_gmt":"2023-09-29T13:33:46","slug":"mentions-legales","status":"publish","type":"page","link":"https:\/\/anggytasetyorini.fr\/index.php\/mentions-legales\/","title":{"rendered":"Mentions l\u00e9gales"},"content":{"rendered":"\t\t<div data-elementor-type=\"wp-page\" data-elementor-id=\"666\" class=\"elementor elementor-666\">\n\t\t\t\t<div class=\"elementor-element elementor-element-b3f49a9 e-flex e-con-boxed e-con e-parent\" data-id=\"b3f49a9\" data-element_type=\"container\" data-e-type=\"container\">\n\t\t\t\t\t<div class=\"e-con-inner\">\n\t\t\t\t<div class=\"elementor-element elementor-element-6cadd3d elementor-widget elementor-widget-heading\" data-id=\"6cadd3d\" data-element_type=\"widget\" data-e-type=\"widget\" data-widget_type=\"heading.default\">\n\t\t\t\t<div class=\"elementor-widget-container\">\n\t\t\t\t\t<h2 class=\"elementor-heading-title elementor-size-default\">MENTIONS L\u00c9GALES<\/h2>\t\t\t\t<\/div>\n\t\t\t\t<\/div>\n\t\t\t\t\t<\/div>\n\t\t\t\t<\/div>\n\t\t<div class=\"elementor-element elementor-element-3ad9cc9 e-flex e-con-boxed e-con e-parent\" data-id=\"3ad9cc9\" data-element_type=\"container\" data-e-type=\"container\">\n\t\t\t\t\t<div class=\"e-con-inner\">\n\t\t\t\t<div class=\"elementor-element elementor-element-f6e1e82 elementor-widget elementor-widget-text-editor\" data-id=\"f6e1e82\" data-element_type=\"widget\" data-e-type=\"widget\" data-widget_type=\"text-editor.default\">\n\t\t\t\t<div class=\"elementor-widget-container\">\n\t\t\t\t\t\t\t\t\t<p><strong>1 . L&rsquo;\u00e9diteur<\/strong><\/p><p class=\"p1\"><span class=\"s1\">Le site\u00a0<a href=\"http:\/\/anggytasetyorini.fr\/\">anggytasetyorini.fr<\/a> est r\u00e9alis\u00e9 et \u00e9dit\u00e9 par ANGGYTA SETYORINI.<\/span><\/p><p class=\"p1\"><span class=\"s1\">La soci\u00e9t\u00e9 ANGGYTA SETYORINI a confi\u00e9 la cr\u00e9ation et la gestion de son site \u00e0 AMIEL Sol\u00e8ne, Graphiste, Webdesigner et Direction Artistique.<\/span><\/p>\t\t\t\t\t\t\t\t<\/div>\n\t\t\t\t<\/div>\n\t\t\t\t\t<\/div>\n\t\t\t\t<\/div>\n\t\t<div class=\"elementor-element elementor-element-608917b e-flex e-con-boxed e-con e-parent\" data-id=\"608917b\" data-element_type=\"container\" data-e-type=\"container\">\n\t\t\t\t\t<div class=\"e-con-inner\">\n\t\t\t\t<div class=\"elementor-element elementor-element-480bad8 elementor-widget elementor-widget-text-editor\" data-id=\"480bad8\" data-element_type=\"widget\" data-e-type=\"widget\" data-widget_type=\"text-editor.default\">\n\t\t\t\t<div class=\"elementor-widget-container\">\n\t\t\t\t\t\t\t\t\t<p><strong>2 . H\u00e9bergement<\/strong><\/p><p class=\"p1\"><span class=\"s1\">Le site\u00a0<a href=\"http:\/\/anggytasetyorini.fr\/\">anggytasetyorini.fr<\/a> est h\u00e9berg\u00e9 chez:<\/span><\/p><p class=\"p1\"><span class=\"s1\">OVH, soci\u00e9t\u00e9 par actions simplifi\u00e9e, immatricul\u00e9e sous le SIREN 424761419, est en activit\u00e9 depuis 23 ans. Localis\u00e9e \u00e0 ROUBAIX (59100), elle est sp\u00e9cialis\u00e9e dans le secteur d&rsquo;activit\u00e9 du traitement de donn\u00e9es, h\u00e9bergement et activit\u00e9s connexes. Son effectif\u00a0<span class=\"ft-bold\">est compris entre 1000 et 1999 salari\u00e9s.<\/span>\u00a0Sur l&rsquo;ann\u00e9e 2021 elle r\u00e9alise un chiffre d&rsquo;affaires de\u00a0<span class=\"synthesenumber ft-bold\">556\u00a0052\u00a0000,00 \u20ac<\/span>. Societe.com recense\u00a0<a class=\"Lien secondaire\" href=\"https:\/\/www.societe.com\/etablissements\/ovh-424761419.html\"><span id=\"synthnbetab\" class=\"synthesenumber\">32<\/span>\u00a0\u00e9tablissements<span id=\"synthnbetabexact\"><\/span><\/a>\u00a0\u00a0ainsi que\u00a0<a class=\"Lien secondaire\" href=\"https:\/\/www.societe.com\/dirigeants\/ovh-424761419.html\">12 mandataires<\/a>\u00a0depuis le d\u00e9but de son activit\u00e9, le\u00a0dernier \u00e9v\u00e9nement\u00a0notable de cette entreprise date du 11-10-2021.\u00a0Michel PAULIN\u00a0est pr\u00e9sident de la soci\u00e9t\u00e9 OVH.<\/span><\/p>\t\t\t\t\t\t\t\t<\/div>\n\t\t\t\t<\/div>\n\t\t\t\t\t<\/div>\n\t\t\t\t<\/div>\n\t\t<div class=\"elementor-element elementor-element-110a3fa e-flex e-con-boxed e-con e-parent\" data-id=\"110a3fa\" data-element_type=\"container\" data-e-type=\"container\">\n\t\t\t\t\t<div class=\"e-con-inner\">\n\t\t\t\t<div class=\"elementor-element elementor-element-3fc6634 elementor-widget elementor-widget-text-editor\" data-id=\"3fc6634\" data-element_type=\"widget\" data-e-type=\"widget\" data-widget_type=\"text-editor.default\">\n\t\t\t\t<div class=\"elementor-widget-container\">\n\t\t\t\t\t\t\t\t\t<p><strong>2 . Confidentialit\u00e9<\/strong><\/p><p class=\"p1\">Pour toute question relative aux donn\u00e9es \u00e0 caract\u00e8re personnel ou aux cookies, veuillez vous r\u00e9f\u00e9rer \u00e0 notre\u00a0<a href=\"http:\/\/anggytasetyorini.fr\/index.php\/politique-de-confidentialite\/\">Politique de confidentialit\u00e9.<\/a><\/p>\t\t\t\t\t\t\t\t<\/div>\n\t\t\t\t<\/div>\n\t\t\t\t\t<\/div>\n\t\t\t\t<\/div>\n\t\t\t\t<\/div>\n\t\t","protected":false},"excerpt":{"rendered":"<p>MENTIONS L\u00c9GALES 1 . L&rsquo;\u00e9diteur Le site\u00a0anggytasetyorini.fr est r\u00e9alis\u00e9 et \u00e9dit\u00e9 par ANGGYTA SETYORINI. La soci\u00e9t\u00e9 ANGGYTA SETYORINI a confi\u00e9 la cr\u00e9ation et la gestion de son site \u00e0 AMIEL Sol\u00e8ne, Graphiste, Webdesigner et Direction Artistique. 2 . H\u00e9bergement Le site\u00a0anggytasetyorini.fr est h\u00e9berg\u00e9 chez: OVH, soci\u00e9t\u00e9 par actions simplifi\u00e9e, immatricul\u00e9e sous le SIREN 424761419, est [&hellip;]<\/p>\n","protected":false},"author":1,"featured_media":0,"parent":0,"menu_order":0,"comment_status":"closed","ping_status":"closed","template":"","meta":{"footnotes":""},"class_list":["post-666","page","type-page","status-publish","hentry"],"_links":{"self":[{"href":"https:\/\/anggytasetyorini.fr\/index.php\/wp-json\/wp\/v2\/pages\/666","targetHints":{"allow":["GET"]}}],"collection":[{"href":"https:\/\/anggytasetyorini.fr\/index.php\/wp-json\/wp\/v2\/pages"}],"about":[{"href":"https:\/\/anggytasetyorini.fr\/index.php\/wp-json\/wp\/v2\/types\/page"}],"author":[{"embeddable":true,"href":"https:\/\/anggytasetyorini.fr\/index.php\/wp-json\/wp\/v2\/users\/1"}],"replies":[{"embeddable":true,"href":"https:\/\/anggytasetyorini.fr\/index.php\/wp-json\/wp\/v2\/comments?post=666"}],"version-history":[{"count":7,"href":"https:\/\/anggytasetyorini.fr\/index.php\/wp-json\/wp\/v2\/pages\/666\/revisions"}],"predecessor-version":[{"id":674,"href":"https:\/\/anggytasetyorini.fr\/index.php\/wp-json\/wp\/v2\/pages\/666\/revisions\/674"}],"wp:attachment":[{"href":"https:\/\/anggytasetyorini.fr\/index.php\/wp-json\/wp\/v2\/media?parent=666"}],"curies":[{"name":"wp","href":"https:\/\/api.w.org\/{rel}","templated":true}]}}