{"id":484,"date":"2023-09-28T10:14:41","date_gmt":"2023-09-28T08:14:41","guid":{"rendered":"http:\/\/anggytasetyorini.fr\/?page_id=484"},"modified":"2023-11-02T12:05:55","modified_gmt":"2023-11-02T11:05:55","slug":"about-me-2","status":"publish","type":"page","link":"https:\/\/anggytasetyorini.fr\/index.php\/about-me-2\/","title":{"rendered":"About me"},"content":{"rendered":"\t\t<div data-elementor-type=\"wp-page\" data-elementor-id=\"484\" class=\"elementor elementor-484\">\n\t\t\t\t<div class=\"elementor-element elementor-element-2bcd2ba e-flex e-con-boxed e-con e-parent\" data-id=\"2bcd2ba\" data-element_type=\"container\" data-e-type=\"container\">\n\t\t\t\t\t<div class=\"e-con-inner\">\n\t\t<div class=\"elementor-element elementor-element-6c051ec e-con-full e-flex e-con e-child\" data-id=\"6c051ec\" data-element_type=\"container\" data-e-type=\"container\">\n\t\t\t\t<div class=\"elementor-element elementor-element-fa70257 elementor-invisible elementor-widget elementor-widget-heading\" data-id=\"fa70257\" data-element_type=\"widget\" data-e-type=\"widget\" data-settings=\"{&quot;_animation&quot;:&quot;fadeInLeft&quot;}\" data-widget_type=\"heading.default\">\n\t\t\t\t<div class=\"elementor-widget-container\">\n\t\t\t\t\t<h2 class=\"elementor-heading-title elementor-size-default\">ANGGYTA <p>\nSETYORINI<\/h2>\t\t\t\t<\/div>\n\t\t\t\t<\/div>\n\t\t\t\t<div class=\"elementor-element elementor-element-deea689 elementor-invisible elementor-widget elementor-widget-text-editor\" data-id=\"deea689\" data-element_type=\"widget\" data-e-type=\"widget\" data-settings=\"{&quot;_animation&quot;:&quot;fadeInRight&quot;}\" data-widget_type=\"text-editor.default\">\n\t\t\t\t<div class=\"elementor-widget-container\">\n\t\t\t\t\t\t\t\t\t<p><em>Fran\u00e7ais<\/em><\/p><p><br \/>Anggyta est une artiste contemporaine autodidacte. Elle vient d&rsquo;Indon\u00e9sie pays aux tr\u00e8s nombreuses iles. Ses peintures sont inspir\u00e9es de son \u00eele de la nature et ses exp\u00e9riences qui se sont produites dans sa vie, telles que les manifestations \u00e0 Hong Kong, \u00e0 l&rsquo;\u00e9poque o\u00f9 elle vivait \u00e0 Hong Kong. Elle aime les couleurs vives qui apportent la joie, le bonheur en contraste avec les sujets abord\u00e9s.<\/p>\t\t\t\t\t\t\t\t<\/div>\n\t\t\t\t<\/div>\n\t\t\t\t<div class=\"elementor-element elementor-element-d1f18bf elementor-widget-divider--view-line elementor-invisible elementor-widget elementor-widget-divider\" data-id=\"d1f18bf\" data-element_type=\"widget\" data-e-type=\"widget\" data-settings=\"{&quot;_animation&quot;:&quot;fadeInLeft&quot;}\" data-widget_type=\"divider.default\">\n\t\t\t\t<div class=\"elementor-widget-container\">\n\t\t\t\t\t\t\t<div class=\"elementor-divider\">\n\t\t\t<span class=\"elementor-divider-separator\">\n\t\t\t\t\t\t<\/span>\n\t\t<\/div>\n\t\t\t\t\t\t<\/div>\n\t\t\t\t<\/div>\n\t\t\t\t<div class=\"elementor-element elementor-element-766c334 elementor-invisible elementor-widget elementor-widget-text-editor\" data-id=\"766c334\" data-element_type=\"widget\" data-e-type=\"widget\" data-settings=\"{&quot;_animation&quot;:&quot;fadeInRight&quot;}\" data-widget_type=\"text-editor.default\">\n\t\t\t\t<div class=\"elementor-widget-container\">\n\t\t\t\t\t\t\t\t\t<p><em>English<\/em><\/p><p><br \/>Anggyta is a self-taught contemporary artist. She hails from Indonesia, a country of many islands. Her paintings are inspired by her island of nature and the experiences that have occurred in her life, such as the demonstrations in Hong Kong when she was living there. She loves bright colors that bring joy and happiness in contrast to the subjects she tackles.<\/p>\t\t\t\t\t\t\t\t<\/div>\n\t\t\t\t<\/div>\n\t\t\t\t<\/div>\n\t\t<div class=\"elementor-element elementor-element-903cb5a e-con-full e-flex e-con e-child\" data-id=\"903cb5a\" data-element_type=\"container\" data-e-type=\"container\">\n\t\t\t\t<div class=\"elementor-element elementor-element-4a25e48 elementor-invisible elementor-widget elementor-widget-image\" data-id=\"4a25e48\" data-element_type=\"widget\" data-e-type=\"widget\" data-settings=\"{&quot;_animation&quot;:&quot;fadeInUp&quot;}\" data-widget_type=\"image.default\">\n\t\t\t\t<div class=\"elementor-widget-container\">\n\t\t\t\t\t\t\t\t\t\t\t\t\t\t\t<img fetchpriority=\"high\" decoding=\"async\" width=\"800\" height=\"960\" src=\"https:\/\/anggytasetyorini.fr\/wp-content\/uploads\/2023\/09\/exif_temp_image2-853x1024.jpg\" class=\"attachment-large size-large wp-image-131\" alt=\"\" srcset=\"https:\/\/anggytasetyorini.fr\/wp-content\/uploads\/2023\/09\/exif_temp_image2-853x1024.jpg 853w, https:\/\/anggytasetyorini.fr\/wp-content\/uploads\/2023\/09\/exif_temp_image2-250x300.jpg 250w, https:\/\/anggytasetyorini.fr\/wp-content\/uploads\/2023\/09\/exif_temp_image2-768x922.jpg 768w, https:\/\/anggytasetyorini.fr\/wp-content\/uploads\/2023\/09\/exif_temp_image2-1279x1536.jpg 1279w, https:\/\/anggytasetyorini.fr\/wp-content\/uploads\/2023\/09\/exif_temp_image2-1705x2048.jpg 1705w, https:\/\/anggytasetyorini.fr\/wp-content\/uploads\/2023\/09\/exif_temp_image2-600x721.jpg 600w\" sizes=\"(max-width: 800px) 100vw, 800px\" \/>\t\t\t\t\t\t\t\t\t\t\t\t\t\t\t<\/div>\n\t\t\t\t<\/div>\n\t\t\t\t<\/div>\n\t\t\t\t\t<\/div>\n\t\t\t\t<\/div>\n\t\t<div class=\"elementor-element elementor-element-ad061d4 e-flex e-con-boxed e-con e-parent\" data-id=\"ad061d4\" data-element_type=\"container\" data-e-type=\"container\">\n\t\t\t\t\t<div class=\"e-con-inner\">\n\t\t\t\t<div class=\"elementor-element elementor-element-f3d2864 elementor-invisible elementor-widget elementor-widget-heading\" data-id=\"f3d2864\" data-element_type=\"widget\" data-e-type=\"widget\" data-settings=\"{&quot;_animation&quot;:&quot;fadeInLeft&quot;}\" data-widget_type=\"heading.default\">\n\t\t\t\t<div class=\"elementor-widget-container\">\n\t\t\t\t\t<h2 class=\"elementor-heading-title elementor-size-default\">EXHIBITIONS\/ <p>\nEXPOSITIONS<\/h2>\t\t\t\t<\/div>\n\t\t\t\t<\/div>\n\t\t\t\t<div class=\"elementor-element elementor-element-7b02996 elementor-invisible elementor-widget elementor-widget-text-editor\" data-id=\"7b02996\" data-element_type=\"widget\" data-e-type=\"widget\" data-settings=\"{&quot;_animation&quot;:&quot;fadeInRight&quot;}\" data-widget_type=\"text-editor.default\">\n\t\t\t\t<div class=\"elementor-widget-container\">\n\t\t\t\t\t\t\t\t\t<p>DUBAI<\/p>\t\t\t\t\t\t\t\t<\/div>\n\t\t\t\t<\/div>\n\t\t<div class=\"elementor-element elementor-element-f0285cc e-flex e-con-boxed e-con e-child\" data-id=\"f0285cc\" data-element_type=\"container\" data-e-type=\"container\">\n\t\t\t\t\t<div class=\"e-con-inner\">\n\t\t<div class=\"elementor-element elementor-element-0f5a0f5 e-con-full e-flex e-con e-child\" data-id=\"0f5a0f5\" data-element_type=\"container\" data-e-type=\"container\">\n\t\t\t\t<div class=\"elementor-element elementor-element-03d743f elementor-invisible elementor-widget elementor-widget-image\" data-id=\"03d743f\" data-element_type=\"widget\" data-e-type=\"widget\" data-settings=\"{&quot;_animation&quot;:&quot;fadeInUp&quot;}\" data-widget_type=\"image.default\">\n\t\t\t\t<div class=\"elementor-widget-container\">\n\t\t\t\t\t\t\t\t\t\t\t\t\t\t\t<img decoding=\"async\" width=\"500\" height=\"678\" src=\"https:\/\/anggytasetyorini.fr\/wp-content\/uploads\/2023\/09\/IMG_9386-1.png\" class=\"attachment-large size-large wp-image-216\" alt=\"\" srcset=\"https:\/\/anggytasetyorini.fr\/wp-content\/uploads\/2023\/09\/IMG_9386-1.png 500w, https:\/\/anggytasetyorini.fr\/wp-content\/uploads\/2023\/09\/IMG_9386-1-221x300.png 221w\" sizes=\"(max-width: 500px) 100vw, 500px\" \/>\t\t\t\t\t\t\t\t\t\t\t\t\t\t\t<\/div>\n\t\t\t\t<\/div>\n\t\t\t\t<\/div>\n\t\t<div class=\"elementor-element elementor-element-fb61ebe e-con-full e-flex e-con e-child\" data-id=\"fb61ebe\" data-element_type=\"container\" data-e-type=\"container\">\n\t\t\t\t<div class=\"elementor-element elementor-element-7500bb1 elementor-invisible elementor-widget elementor-widget-image\" data-id=\"7500bb1\" data-element_type=\"widget\" data-e-type=\"widget\" data-settings=\"{&quot;_animation&quot;:&quot;fadeInUp&quot;}\" data-widget_type=\"image.default\">\n\t\t\t\t<div class=\"elementor-widget-container\">\n\t\t\t\t\t\t\t\t\t\t\t\t\t\t\t<img decoding=\"async\" width=\"498\" height=\"678\" src=\"https:\/\/anggytasetyorini.fr\/wp-content\/uploads\/2023\/09\/IMG_9387-1.png\" class=\"attachment-large size-large wp-image-219\" alt=\"\" srcset=\"https:\/\/anggytasetyorini.fr\/wp-content\/uploads\/2023\/09\/IMG_9387-1.png 498w, https:\/\/anggytasetyorini.fr\/wp-content\/uploads\/2023\/09\/IMG_9387-1-220x300.png 220w\" sizes=\"(max-width: 498px) 100vw, 498px\" \/>\t\t\t\t\t\t\t\t\t\t\t\t\t\t\t<\/div>\n\t\t\t\t<\/div>\n\t\t\t\t<\/div>\n\t\t\t\t\t<\/div>\n\t\t\t\t<\/div>\n\t\t\t\t<div class=\"elementor-element elementor-element-09d8656 elementor-invisible elementor-widget elementor-widget-text-editor\" data-id=\"09d8656\" data-element_type=\"widget\" data-e-type=\"widget\" data-settings=\"{&quot;_animation&quot;:&quot;fadeInRight&quot;}\" data-widget_type=\"text-editor.default\">\n\t\t\t\t<div class=\"elementor-widget-container\">\n\t\t\t\t\t\t\t\t\t<p>IN-SITU17 IN SOUTH OF FRANCE, AIX-EN-PROVENCE<\/p>\t\t\t\t\t\t\t\t<\/div>\n\t\t\t\t<\/div>\n\t\t\t\t\t<\/div>\n\t\t\t\t<\/div>\n\t\t<div class=\"elementor-element elementor-element-484efaf e-flex e-con-boxed e-con e-parent\" data-id=\"484efaf\" data-element_type=\"container\" data-e-type=\"container\">\n\t\t\t\t\t<div class=\"e-con-inner\">\n\t\t<div class=\"elementor-element elementor-element-9bb4617 e-con-full e-flex e-con e-child\" data-id=\"9bb4617\" data-element_type=\"container\" data-e-type=\"container\">\n\t\t\t\t<div class=\"elementor-element elementor-element-cf56119 elementor-invisible elementor-widget elementor-widget-image\" data-id=\"cf56119\" data-element_type=\"widget\" data-e-type=\"widget\" data-settings=\"{&quot;_animation&quot;:&quot;fadeInUp&quot;}\" data-widget_type=\"image.default\">\n\t\t\t\t<div class=\"elementor-widget-container\">\n\t\t\t\t\t\t\t\t\t\t\t\t\t\t\t<img loading=\"lazy\" decoding=\"async\" width=\"521\" height=\"666\" src=\"https:\/\/anggytasetyorini.fr\/wp-content\/uploads\/2023\/11\/IMG_9384.jpg\" class=\"attachment-large size-large wp-image-689\" alt=\"\" srcset=\"https:\/\/anggytasetyorini.fr\/wp-content\/uploads\/2023\/11\/IMG_9384.jpg 521w, https:\/\/anggytasetyorini.fr\/wp-content\/uploads\/2023\/11\/IMG_9384-235x300.jpg 235w\" sizes=\"(max-width: 521px) 100vw, 521px\" \/>\t\t\t\t\t\t\t\t\t\t\t\t\t\t\t<\/div>\n\t\t\t\t<\/div>\n\t\t\t\t<\/div>\n\t\t<div class=\"elementor-element elementor-element-8494eaa e-con-full e-flex e-con e-child\" data-id=\"8494eaa\" data-element_type=\"container\" data-e-type=\"container\">\n\t\t\t\t<div class=\"elementor-element elementor-element-75ea8c0 elementor-invisible elementor-widget elementor-widget-image\" data-id=\"75ea8c0\" data-element_type=\"widget\" data-e-type=\"widget\" data-settings=\"{&quot;_animation&quot;:&quot;fadeInUp&quot;}\" data-widget_type=\"image.default\">\n\t\t\t\t<div class=\"elementor-widget-container\">\n\t\t\t\t\t\t\t\t\t\t\t\t\t\t\t<img loading=\"lazy\" decoding=\"async\" width=\"521\" height=\"667\" src=\"https:\/\/anggytasetyorini.fr\/wp-content\/uploads\/2023\/09\/IMG_9382.png\" class=\"attachment-large size-large wp-image-217\" alt=\"\" srcset=\"https:\/\/anggytasetyorini.fr\/wp-content\/uploads\/2023\/09\/IMG_9382.png 521w, https:\/\/anggytasetyorini.fr\/wp-content\/uploads\/2023\/09\/IMG_9382-234x300.png 234w\" sizes=\"(max-width: 521px) 100vw, 521px\" \/>\t\t\t\t\t\t\t\t\t\t\t\t\t\t\t<\/div>\n\t\t\t\t<\/div>\n\t\t\t\t<\/div>\n\t\t<div class=\"elementor-element elementor-element-a84168b e-con-full e-flex e-con e-child\" data-id=\"a84168b\" data-element_type=\"container\" data-e-type=\"container\">\n\t\t\t\t<div class=\"elementor-element elementor-element-66c7476 elementor-invisible elementor-widget elementor-widget-image\" data-id=\"66c7476\" data-element_type=\"widget\" data-e-type=\"widget\" data-settings=\"{&quot;_animation&quot;:&quot;fadeInUp&quot;}\" data-widget_type=\"image.default\">\n\t\t\t\t<div class=\"elementor-widget-container\">\n\t\t\t\t\t\t\t\t\t\t\t\t\t\t\t<img loading=\"lazy\" decoding=\"async\" width=\"521\" height=\"666\" src=\"https:\/\/anggytasetyorini.fr\/wp-content\/uploads\/2023\/11\/IMG_9383.jpg\" class=\"attachment-large size-large wp-image-688\" alt=\"\" srcset=\"https:\/\/anggytasetyorini.fr\/wp-content\/uploads\/2023\/11\/IMG_9383.jpg 521w, https:\/\/anggytasetyorini.fr\/wp-content\/uploads\/2023\/11\/IMG_9383-235x300.jpg 235w\" sizes=\"(max-width: 521px) 100vw, 521px\" \/>\t\t\t\t\t\t\t\t\t\t\t\t\t\t\t<\/div>\n\t\t\t\t<\/div>\n\t\t\t\t<\/div>\n\t\t\t\t\t<\/div>\n\t\t\t\t<\/div>\n\t\t\t\t<\/div>\n\t\t","protected":false},"excerpt":{"rendered":"<p>ANGGYTA SETYORINI Fran\u00e7ais Anggyta est une artiste contemporaine autodidacte. Elle vient d&rsquo;Indon\u00e9sie pays aux tr\u00e8s nombreuses iles. Ses peintures sont inspir\u00e9es de son \u00eele de la nature et ses exp\u00e9riences qui se sont produites dans sa vie, telles que les manifestations \u00e0 Hong Kong, \u00e0 l&rsquo;\u00e9poque o\u00f9 elle vivait \u00e0 Hong Kong. Elle aime les [&hellip;]<\/p>\n","protected":false},"author":1,"featured_media":0,"parent":0,"menu_order":0,"comment_status":"closed","ping_status":"closed","template":"","meta":{"footnotes":""},"class_list":["post-484","page","type-page","status-publish","hentry"],"_links":{"self":[{"href":"https:\/\/anggytasetyorini.fr\/index.php\/wp-json\/wp\/v2\/pages\/484","targetHints":{"allow":["GET"]}}],"collection":[{"href":"https:\/\/anggytasetyorini.fr\/index.php\/wp-json\/wp\/v2\/pages"}],"about":[{"href":"https:\/\/anggytasetyorini.fr\/index.php\/wp-json\/wp\/v2\/types\/page"}],"author":[{"embeddable":true,"href":"https:\/\/anggytasetyorini.fr\/index.php\/wp-json\/wp\/v2\/users\/1"}],"replies":[{"embeddable":true,"href":"https:\/\/anggytasetyorini.fr\/index.php\/wp-json\/wp\/v2\/comments?post=484"}],"version-history":[{"count":29,"href":"https:\/\/anggytasetyorini.fr\/index.php\/wp-json\/wp\/v2\/pages\/484\/revisions"}],"predecessor-version":[{"id":698,"href":"https:\/\/anggytasetyorini.fr\/index.php\/wp-json\/wp\/v2\/pages\/484\/revisions\/698"}],"wp:attachment":[{"href":"https:\/\/anggytasetyorini.fr\/index.php\/wp-json\/wp\/v2\/media?parent=484"}],"curies":[{"name":"wp","href":"https:\/\/api.w.org\/{rel}","templated":true}]}}